{"id":582,"date":"2025-02-07T07:28:13","date_gmt":"2025-02-07T07:28:13","guid":{"rendered":"https:\/\/smsmobileapi.com\/404-error-page\/"},"modified":"2025-02-07T07:28:14","modified_gmt":"2025-02-07T07:28:14","slug":"404-error-page","status":"publish","type":"page","link":"https:\/\/smsmobileapi.com\/vi\/trang-loi-404\/","title":{"rendered":"L\u1ed7i 404, n\u1ed9i dung kh\u00f4ng c\u00f2n t\u1ed3n t\u1ea1i n\u1eefa"},"content":{"rendered":"<div class=\"wall\"\n style=\"background-color: #F2F3F7; border: 30px solid #fff; width: 90%; height: 90%; margin: 0 auto;\"><\/p>\n<h1 style=\"text-align: center; font-family:'open-sans', arial;         color: #444; font-size: 60px; padding: 50px;\">L\u1ed6I 404 <br \/>&#8211;<br \/>KH\u00d4NG T\u00ccM TH\u1ea4Y<\/h1>\n<p style=\"text-align: center; font-family:'open-sans', arial; color: #444;     font-size: 40px; padding: 20px; line-height: 55px;\"><br \/>\n    \/\/ C\u00f3 th\u1ec3 b\u1ea1n \u0111\u00e3 nh\u1eadp sai URL,<br \/>\n    \/\/ Ho\u1eb7c trang \u0111\u00e3 b\u1ecb x\u00f3a,<br \/>\n    \/\/ Th\u1ef1c ra, \u1edf \u0111\u00e2y ch\u1eb3ng c\u00f3 g\u00ec \u0111\u00e1ng xem c\u1ea3\u2026<\/p>\n<p style=\"text-align: center;\"><a style=\" font-family:'open-sans', arial; color: #444;         font-size: 20px; padding: 20px; line-height: 30px; text-decoration: none;\"\n          href=\"https:\/\/smsmobileapi.com\/vi\/\"><&lt; Quay l\u1ea1i trang ch\u1ee7 &gt;><\/a><\/p>\n<\/p><\/div>","protected":false},"excerpt":{"rendered":"<p>metaseo_404_trang<\/p>","protected":false},"author":1,"featured_media":0,"parent":0,"menu_order":0,"comment_status":"closed","ping_status":"closed","template":"","meta":{"om_disable_all_campaigns":false,"_monsterinsights_skip_tracking":false,"_monsterinsights_sitenote_active":false,"_monsterinsights_sitenote_note":"","_monsterinsights_sitenote_category":0},"aioseo_notices":[],"_links":{"self":[{"href":"https:\/\/smsmobileapi.com\/vi\/wp-json\/wp\/v2\/pages\/582"}],"collection":[{"href":"https:\/\/smsmobileapi.com\/vi\/wp-json\/wp\/v2\/pages"}],"about":[{"href":"https:\/\/smsmobileapi.com\/vi\/wp-json\/wp\/v2\/types\/page"}],"author":[{"embeddable":true,"href":"https:\/\/smsmobileapi.com\/vi\/wp-json\/wp\/v2\/users\/1"}],"replies":[{"embeddable":true,"href":"https:\/\/smsmobileapi.com\/vi\/wp-json\/wp\/v2\/comments?post=582"}],"version-history":[{"count":1,"href":"https:\/\/smsmobileapi.com\/vi\/wp-json\/wp\/v2\/pages\/582\/revisions"}],"predecessor-version":[{"id":584,"href":"https:\/\/smsmobileapi.com\/vi\/wp-json\/wp\/v2\/pages\/582\/revisions\/584"}],"wp:attachment":[{"href":"https:\/\/smsmobileapi.com\/vi\/wp-json\/wp\/v2\/media?parent=582"}],"curies":[{"name":"wp","href":"https:\/\/api.w.org\/{rel}","templated":true}]}}