{"id":474,"date":"2024-11-25T09:48:16","date_gmt":"2024-11-25T09:48:16","guid":{"rendered":"https:\/\/smsmobileapi.com\/?page_id=474"},"modified":"2024-11-25T10:07:41","modified_gmt":"2024-11-25T10:07:41","slug":"confidentiality","status":"publish","type":"page","link":"https:\/\/smsmobileapi.com\/vi\/tinh-bao-mat\/","title":{"rendered":"SMS Mobile API: C\u1ed5ng SMS an to\u00e0n cho quy\u1ec1n ri\u00eang t\u01b0 v\u00e0 ki\u1ec3m so\u00e1t | \u0110\u00e3 \u0111\u01b0\u1ee3c Android v\u00e0 iOS ch\u1ea5p thu\u1eadn"},"content":{"rendered":"","protected":false},"excerpt":{"rendered":"","protected":false},"author":1,"featured_media":0,"parent":0,"menu_order":0,"comment_status":"closed","ping_status":"closed","template":"","meta":{"om_disable_all_campaigns":false,"_monsterinsights_skip_tracking":false,"_monsterinsights_sitenote_active":false,"_monsterinsights_sitenote_note":"","_monsterinsights_sitenote_category":0},"aioseo_notices":[],"_links":{"self":[{"href":"https:\/\/smsmobileapi.com\/vi\/wp-json\/wp\/v2\/pages\/474"}],"collection":[{"href":"https:\/\/smsmobileapi.com\/vi\/wp-json\/wp\/v2\/pages"}],"about":[{"href":"https:\/\/smsmobileapi.com\/vi\/wp-json\/wp\/v2\/types\/page"}],"author":[{"embeddable":true,"href":"https:\/\/smsmobileapi.com\/vi\/wp-json\/wp\/v2\/users\/1"}],"replies":[{"embeddable":true,"href":"https:\/\/smsmobileapi.com\/vi\/wp-json\/wp\/v2\/comments?post=474"}],"version-history":[{"count":2,"href":"https:\/\/smsmobileapi.com\/vi\/wp-json\/wp\/v2\/pages\/474\/revisions"}],"predecessor-version":[{"id":476,"href":"https:\/\/smsmobileapi.com\/vi\/wp-json\/wp\/v2\/pages\/474\/revisions\/476"}],"wp:attachment":[{"href":"https:\/\/smsmobileapi.com\/vi\/wp-json\/wp\/v2\/media?parent=474"}],"curies":[{"name":"wp","href":"https:\/\/api.w.org\/{rel}","templated":true}]}}