{"id":185,"date":"2024-02-15T06:00:42","date_gmt":"2024-02-15T06:00:42","guid":{"rendered":"https:\/\/smsmobileapi.com\/?page_id=185"},"modified":"2025-03-18T20:21:28","modified_gmt":"2025-03-18T20:21:28","slug":"reseller","status":"publish","type":"page","link":"https:\/\/smsmobileapi.com\/vi\/nguoi-ban-lai\/","title":{"rendered":"Tr\u1edf th\u00e0nh Nh\u00e0 b\u00e1n l\u1ebb v\u1edbi SMS Mobile API"},"content":{"rendered":"","protected":false},"excerpt":{"rendered":"","protected":false},"author":1,"featured_media":0,"parent":0,"menu_order":0,"comment_status":"closed","ping_status":"closed","template":"","meta":{"om_disable_all_campaigns":false,"_monsterinsights_skip_tracking":false,"_monsterinsights_sitenote_active":false,"_monsterinsights_sitenote_note":"","_monsterinsights_sitenote_category":0},"aioseo_notices":[],"_links":{"self":[{"href":"https:\/\/smsmobileapi.com\/vi\/wp-json\/wp\/v2\/pages\/185"}],"collection":[{"href":"https:\/\/smsmobileapi.com\/vi\/wp-json\/wp\/v2\/pages"}],"about":[{"href":"https:\/\/smsmobileapi.com\/vi\/wp-json\/wp\/v2\/types\/page"}],"author":[{"embeddable":true,"href":"https:\/\/smsmobileapi.com\/vi\/wp-json\/wp\/v2\/users\/1"}],"replies":[{"embeddable":true,"href":"https:\/\/smsmobileapi.com\/vi\/wp-json\/wp\/v2\/comments?post=185"}],"version-history":[{"count":1,"href":"https:\/\/smsmobileapi.com\/vi\/wp-json\/wp\/v2\/pages\/185\/revisions"}],"predecessor-version":[{"id":186,"href":"https:\/\/smsmobileapi.com\/vi\/wp-json\/wp\/v2\/pages\/185\/revisions\/186"}],"wp:attachment":[{"href":"https:\/\/smsmobileapi.com\/vi\/wp-json\/wp\/v2\/media?parent=185"}],"curies":[{"name":"wp","href":"https:\/\/api.w.org\/{rel}","templated":true}]}}