{"id":423,"date":"2024-10-25T19:26:18","date_gmt":"2024-10-25T19:26:18","guid":{"rendered":"https:\/\/smsmobileapi.com\/?page_id=423"},"modified":"2024-10-25T19:33:15","modified_gmt":"2024-10-25T19:33:15","slug":"recovery","status":"publish","type":"page","link":"https:\/\/smsmobileapi.com\/pt\/recuperacao\/","title":{"rendered":"Recupera\u00e7\u00e3o de informa\u00e7\u00f5es de login esquecidas"},"content":{"rendered":"","protected":false},"excerpt":{"rendered":"","protected":false},"author":1,"featured_media":0,"parent":0,"menu_order":0,"comment_status":"closed","ping_status":"closed","template":"","meta":{"om_disable_all_campaigns":false,"_monsterinsights_skip_tracking":false,"_monsterinsights_sitenote_active":false,"_monsterinsights_sitenote_note":"","_monsterinsights_sitenote_category":0},"aioseo_notices":[],"_links":{"self":[{"href":"https:\/\/smsmobileapi.com\/pt\/wp-json\/wp\/v2\/pages\/423"}],"collection":[{"href":"https:\/\/smsmobileapi.com\/pt\/wp-json\/wp\/v2\/pages"}],"about":[{"href":"https:\/\/smsmobileapi.com\/pt\/wp-json\/wp\/v2\/types\/page"}],"author":[{"embeddable":true,"href":"https:\/\/smsmobileapi.com\/pt\/wp-json\/wp\/v2\/users\/1"}],"replies":[{"embeddable":true,"href":"https:\/\/smsmobileapi.com\/pt\/wp-json\/wp\/v2\/comments?post=423"}],"version-history":[{"count":1,"href":"https:\/\/smsmobileapi.com\/pt\/wp-json\/wp\/v2\/pages\/423\/revisions"}],"predecessor-version":[{"id":424,"href":"https:\/\/smsmobileapi.com\/pt\/wp-json\/wp\/v2\/pages\/423\/revisions\/424"}],"wp:attachment":[{"href":"https:\/\/smsmobileapi.com\/pt\/wp-json\/wp\/v2\/media?parent=423"}],"curies":[{"name":"wp","href":"https:\/\/api.w.org\/{rel}","templated":true}]}}