{"id":922,"date":"2025-06-18T08:06:00","date_gmt":"2025-06-18T08:06:00","guid":{"rendered":"https:\/\/smsmobileapi.com\/?page_id=922"},"modified":"2025-06-18T08:28:07","modified_gmt":"2025-06-18T08:28:07","slug":"granting-permissions-all-access","status":"publish","type":"page","link":"https:\/\/smsmobileapi.com\/fr\/accorder-des-autorisations-pour-tous-les-acces\/","title":{"rendered":"Accorder des autorisations \u00e0 l&#039;API SMS Mobile\u00a0: activer la fonctionnalit\u00e9 d&#039;arri\u00e8re-plan et tous les acc\u00e8s"},"content":{"rendered":"","protected":false},"excerpt":{"rendered":"","protected":false},"author":1,"featured_media":0,"parent":0,"menu_order":0,"comment_status":"closed","ping_status":"closed","template":"","meta":{"om_disable_all_campaigns":false,"_monsterinsights_skip_tracking":false,"_monsterinsights_sitenote_active":false,"_monsterinsights_sitenote_note":"","_monsterinsights_sitenote_category":0},"aioseo_notices":[],"_links":{"self":[{"href":"https:\/\/smsmobileapi.com\/fr\/wp-json\/wp\/v2\/pages\/922"}],"collection":[{"href":"https:\/\/smsmobileapi.com\/fr\/wp-json\/wp\/v2\/pages"}],"about":[{"href":"https:\/\/smsmobileapi.com\/fr\/wp-json\/wp\/v2\/types\/page"}],"author":[{"embeddable":true,"href":"https:\/\/smsmobileapi.com\/fr\/wp-json\/wp\/v2\/users\/1"}],"replies":[{"embeddable":true,"href":"https:\/\/smsmobileapi.com\/fr\/wp-json\/wp\/v2\/comments?post=922"}],"version-history":[{"count":1,"href":"https:\/\/smsmobileapi.com\/fr\/wp-json\/wp\/v2\/pages\/922\/revisions"}],"predecessor-version":[{"id":923,"href":"https:\/\/smsmobileapi.com\/fr\/wp-json\/wp\/v2\/pages\/922\/revisions\/923"}],"wp:attachment":[{"href":"https:\/\/smsmobileapi.com\/fr\/wp-json\/wp\/v2\/media?parent=922"}],"curies":[{"name":"wp","href":"https:\/\/api.w.org\/{rel}","templated":true}]}}