{"id":582,"date":"2025-02-07T07:28:13","date_gmt":"2025-02-07T07:28:13","guid":{"rendered":"https:\/\/smsmobileapi.com\/404-error-page\/"},"modified":"2025-02-07T07:28:14","modified_gmt":"2025-02-07T07:28:14","slug":"404-error-page","status":"publish","type":"page","link":"https:\/\/smsmobileapi.com\/fr\/page-derreur-404\/","title":{"rendered":"Erreur 404, le contenu n&#039;existe plus"},"content":{"rendered":"<div class=\"wall\"\n style=\"background-color: #F2F3F7; border: 30px solid #fff; width: 90%; height: 90%; margin: 0 auto;\"><\/p>\n<h1 style=\"text-align: center; font-family:'open-sans', arial;         color: #444; font-size: 60px; padding: 50px;\">ERREUR 404 <br \/>&#8211;<br \/>NON TROUV\u00c9<\/h1>\n<p style=\"text-align: center; font-family:'open-sans', arial; color: #444;     font-size: 40px; padding: 20px; line-height: 55px;\"><br \/>\n    \/\/ Vous avez peut-\u00eatre mal saisi l&#039;URL,<br \/>\n    \/\/ Ou la page a \u00e9t\u00e9 supprim\u00e9e,<br \/>\n    \/\/ En fait, il n\u2019y a rien \u00e0 voir ici\u2026<\/p>\n<p style=\"text-align: center;\"><a style=\" font-family:'open-sans', arial; color: #444;         font-size: 20px; padding: 20px; line-height: 30px; text-decoration: none;\"\n          href=\"https:\/\/smsmobileapi.com\/fr\/\"><&lt; Retour \u00e0 la page d&#039;accueil &gt;><\/a><\/p>\n<\/p><\/div>","protected":false},"excerpt":{"rendered":"<p>m\u00e9taseo_404_page<\/p>","protected":false},"author":1,"featured_media":0,"parent":0,"menu_order":0,"comment_status":"closed","ping_status":"closed","template":"","meta":{"om_disable_all_campaigns":false,"_monsterinsights_skip_tracking":false,"_monsterinsights_sitenote_active":false,"_monsterinsights_sitenote_note":"","_monsterinsights_sitenote_category":0},"aioseo_notices":[],"_links":{"self":[{"href":"https:\/\/smsmobileapi.com\/fr\/wp-json\/wp\/v2\/pages\/582"}],"collection":[{"href":"https:\/\/smsmobileapi.com\/fr\/wp-json\/wp\/v2\/pages"}],"about":[{"href":"https:\/\/smsmobileapi.com\/fr\/wp-json\/wp\/v2\/types\/page"}],"author":[{"embeddable":true,"href":"https:\/\/smsmobileapi.com\/fr\/wp-json\/wp\/v2\/users\/1"}],"replies":[{"embeddable":true,"href":"https:\/\/smsmobileapi.com\/fr\/wp-json\/wp\/v2\/comments?post=582"}],"version-history":[{"count":1,"href":"https:\/\/smsmobileapi.com\/fr\/wp-json\/wp\/v2\/pages\/582\/revisions"}],"predecessor-version":[{"id":584,"href":"https:\/\/smsmobileapi.com\/fr\/wp-json\/wp\/v2\/pages\/582\/revisions\/584"}],"wp:attachment":[{"href":"https:\/\/smsmobileapi.com\/fr\/wp-json\/wp\/v2\/media?parent=582"}],"curies":[{"name":"wp","href":"https:\/\/api.w.org\/{rel}","templated":true}]}}