{"id":218,"date":"2024-02-26T06:14:09","date_gmt":"2024-02-26T06:14:09","guid":{"rendered":"https:\/\/smsmobileapi.com\/?page_id=218"},"modified":"2024-02-28T08:50:20","modified_gmt":"2024-02-28T08:50:20","slug":"receive-alerts-about-your-phones-status","status":"publish","type":"page","link":"https:\/\/smsmobileapi.com\/fr\/recevoir-des-alertes-sur-letat-de-votre-telephone\/","title":{"rendered":"Restez inform\u00e9\u00a0: alertes instantan\u00e9es sur l&#039;\u00e9tat du t\u00e9l\u00e9phone avec SMSmobileAPI"},"content":{"rendered":"","protected":false},"excerpt":{"rendered":"","protected":false},"author":1,"featured_media":0,"parent":0,"menu_order":0,"comment_status":"closed","ping_status":"closed","template":"","meta":{"om_disable_all_campaigns":false,"_monsterinsights_skip_tracking":false,"_monsterinsights_sitenote_active":false,"_monsterinsights_sitenote_note":"","_monsterinsights_sitenote_category":0},"aioseo_notices":[],"_links":{"self":[{"href":"https:\/\/smsmobileapi.com\/fr\/wp-json\/wp\/v2\/pages\/218"}],"collection":[{"href":"https:\/\/smsmobileapi.com\/fr\/wp-json\/wp\/v2\/pages"}],"about":[{"href":"https:\/\/smsmobileapi.com\/fr\/wp-json\/wp\/v2\/types\/page"}],"author":[{"embeddable":true,"href":"https:\/\/smsmobileapi.com\/fr\/wp-json\/wp\/v2\/users\/1"}],"replies":[{"embeddable":true,"href":"https:\/\/smsmobileapi.com\/fr\/wp-json\/wp\/v2\/comments?post=218"}],"version-history":[{"count":2,"href":"https:\/\/smsmobileapi.com\/fr\/wp-json\/wp\/v2\/pages\/218\/revisions"}],"predecessor-version":[{"id":229,"href":"https:\/\/smsmobileapi.com\/fr\/wp-json\/wp\/v2\/pages\/218\/revisions\/229"}],"wp:attachment":[{"href":"https:\/\/smsmobileapi.com\/fr\/wp-json\/wp\/v2\/media?parent=218"}],"curies":[{"name":"wp","href":"https:\/\/api.w.org\/{rel}","templated":true}]}}