{"id":891,"date":"2025-05-24T06:00:48","date_gmt":"2025-05-24T06:00:48","guid":{"rendered":"https:\/\/smsmobileapi.com\/?page_id=891"},"modified":"2025-05-25T05:45:40","modified_gmt":"2025-05-25T05:45:40","slug":"ssh","status":"publish","type":"page","link":"https:\/\/smsmobileapi.com\/fi\/ssh\/","title":{"rendered":"L\u00e4het\u00e4 tekstiviestej\u00e4 ja WhatsApp-viestej\u00e4 SSH:n kautta | SMSMobileAPI CLI kehitt\u00e4jille ja j\u00e4rjestelm\u00e4nvalvojille"},"content":{"rendered":"","protected":false},"excerpt":{"rendered":"","protected":false},"author":1,"featured_media":0,"parent":0,"menu_order":0,"comment_status":"closed","ping_status":"closed","template":"","meta":{"om_disable_all_campaigns":false,"_monsterinsights_skip_tracking":false,"_monsterinsights_sitenote_active":false,"_monsterinsights_sitenote_note":"","_monsterinsights_sitenote_category":0},"aioseo_notices":[],"_links":{"self":[{"href":"https:\/\/smsmobileapi.com\/fi\/wp-json\/wp\/v2\/pages\/891"}],"collection":[{"href":"https:\/\/smsmobileapi.com\/fi\/wp-json\/wp\/v2\/pages"}],"about":[{"href":"https:\/\/smsmobileapi.com\/fi\/wp-json\/wp\/v2\/types\/page"}],"author":[{"embeddable":true,"href":"https:\/\/smsmobileapi.com\/fi\/wp-json\/wp\/v2\/users\/1"}],"replies":[{"embeddable":true,"href":"https:\/\/smsmobileapi.com\/fi\/wp-json\/wp\/v2\/comments?post=891"}],"version-history":[{"count":2,"href":"https:\/\/smsmobileapi.com\/fi\/wp-json\/wp\/v2\/pages\/891\/revisions"}],"predecessor-version":[{"id":893,"href":"https:\/\/smsmobileapi.com\/fi\/wp-json\/wp\/v2\/pages\/891\/revisions\/893"}],"wp:attachment":[{"href":"https:\/\/smsmobileapi.com\/fi\/wp-json\/wp\/v2\/media?parent=891"}],"curies":[{"name":"wp","href":"https:\/\/api.w.org\/{rel}","templated":true}]}}