{"id":807,"date":"2025-04-13T18:00:45","date_gmt":"2025-04-13T18:00:45","guid":{"rendered":"https:\/\/smsmobileapi.com\/?page_id=807"},"modified":"2025-04-14T04:04:44","modified_gmt":"2025-04-14T04:04:44","slug":"encrypt-message","status":"publish","type":"page","link":"https:\/\/smsmobileapi.com\/fi\/salaa-viesti\/","title":{"rendered":"L\u00e4het\u00e4 salattuja tekstiviestej\u00e4 tai WhatsApp-viestej\u00e4"},"content":{"rendered":"","protected":false},"excerpt":{"rendered":"","protected":false},"author":1,"featured_media":0,"parent":0,"menu_order":0,"comment_status":"closed","ping_status":"closed","template":"","meta":{"om_disable_all_campaigns":false,"_monsterinsights_skip_tracking":false,"_monsterinsights_sitenote_active":false,"_monsterinsights_sitenote_note":"","_monsterinsights_sitenote_category":0},"aioseo_notices":[],"_links":{"self":[{"href":"https:\/\/smsmobileapi.com\/fi\/wp-json\/wp\/v2\/pages\/807"}],"collection":[{"href":"https:\/\/smsmobileapi.com\/fi\/wp-json\/wp\/v2\/pages"}],"about":[{"href":"https:\/\/smsmobileapi.com\/fi\/wp-json\/wp\/v2\/types\/page"}],"author":[{"embeddable":true,"href":"https:\/\/smsmobileapi.com\/fi\/wp-json\/wp\/v2\/users\/1"}],"replies":[{"embeddable":true,"href":"https:\/\/smsmobileapi.com\/fi\/wp-json\/wp\/v2\/comments?post=807"}],"version-history":[{"count":2,"href":"https:\/\/smsmobileapi.com\/fi\/wp-json\/wp\/v2\/pages\/807\/revisions"}],"predecessor-version":[{"id":809,"href":"https:\/\/smsmobileapi.com\/fi\/wp-json\/wp\/v2\/pages\/807\/revisions\/809"}],"wp:attachment":[{"href":"https:\/\/smsmobileapi.com\/fi\/wp-json\/wp\/v2\/media?parent=807"}],"curies":[{"name":"wp","href":"https:\/\/api.w.org\/{rel}","templated":true}]}}