{"id":536,"date":"2025-01-13T13:49:25","date_gmt":"2025-01-13T13:49:25","guid":{"rendered":"https:\/\/smsmobileapi.com\/?page_id=536"},"modified":"2025-09-18T06:19:35","modified_gmt":"2025-09-18T06:19:35","slug":"email","status":"publish","type":"page","link":"https:\/\/smsmobileapi.com\/fi\/sahkoposti\/","title":{"rendered":"Yhdist\u00e4 s\u00e4hk\u00f6posti SMSMobileAPI:hen"},"content":{"rendered":"","protected":false},"excerpt":{"rendered":"","protected":false},"author":1,"featured_media":0,"parent":0,"menu_order":0,"comment_status":"closed","ping_status":"closed","template":"","meta":{"om_disable_all_campaigns":false,"_monsterinsights_skip_tracking":false,"_monsterinsights_sitenote_active":false,"_monsterinsights_sitenote_note":"","_monsterinsights_sitenote_category":0},"aioseo_notices":[],"_links":{"self":[{"href":"https:\/\/smsmobileapi.com\/fi\/wp-json\/wp\/v2\/pages\/536"}],"collection":[{"href":"https:\/\/smsmobileapi.com\/fi\/wp-json\/wp\/v2\/pages"}],"about":[{"href":"https:\/\/smsmobileapi.com\/fi\/wp-json\/wp\/v2\/types\/page"}],"author":[{"embeddable":true,"href":"https:\/\/smsmobileapi.com\/fi\/wp-json\/wp\/v2\/users\/1"}],"replies":[{"embeddable":true,"href":"https:\/\/smsmobileapi.com\/fi\/wp-json\/wp\/v2\/comments?post=536"}],"version-history":[{"count":1,"href":"https:\/\/smsmobileapi.com\/fi\/wp-json\/wp\/v2\/pages\/536\/revisions"}],"predecessor-version":[{"id":537,"href":"https:\/\/smsmobileapi.com\/fi\/wp-json\/wp\/v2\/pages\/536\/revisions\/537"}],"wp:attachment":[{"href":"https:\/\/smsmobileapi.com\/fi\/wp-json\/wp\/v2\/media?parent=536"}],"curies":[{"name":"wp","href":"https:\/\/api.w.org\/{rel}","templated":true}]}}