{"id":245,"date":"2024-03-06T08:42:57","date_gmt":"2024-03-06T08:42:57","guid":{"rendered":"https:\/\/smsmobileapi.com\/?page_id=245"},"modified":"2024-03-07T09:37:42","modified_gmt":"2024-03-07T09:37:42","slug":"environmentally-friendly","status":"publish","type":"page","link":"https:\/\/smsmobileapi.com\/fi\/ymparistoystavallinen\/","title":{"rendered":"Ymp\u00e4rist\u00f6yst\u00e4v\u00e4llinen SMSmobileAPI: Kest\u00e4v\u00e4 digitaalinen viestint\u00e4"},"content":{"rendered":"","protected":false},"excerpt":{"rendered":"","protected":false},"author":1,"featured_media":0,"parent":0,"menu_order":0,"comment_status":"closed","ping_status":"closed","template":"","meta":{"om_disable_all_campaigns":false,"_monsterinsights_skip_tracking":false,"_monsterinsights_sitenote_active":false,"_monsterinsights_sitenote_note":"","_monsterinsights_sitenote_category":0},"aioseo_notices":[],"_links":{"self":[{"href":"https:\/\/smsmobileapi.com\/fi\/wp-json\/wp\/v2\/pages\/245"}],"collection":[{"href":"https:\/\/smsmobileapi.com\/fi\/wp-json\/wp\/v2\/pages"}],"about":[{"href":"https:\/\/smsmobileapi.com\/fi\/wp-json\/wp\/v2\/types\/page"}],"author":[{"embeddable":true,"href":"https:\/\/smsmobileapi.com\/fi\/wp-json\/wp\/v2\/users\/1"}],"replies":[{"embeddable":true,"href":"https:\/\/smsmobileapi.com\/fi\/wp-json\/wp\/v2\/comments?post=245"}],"version-history":[{"count":3,"href":"https:\/\/smsmobileapi.com\/fi\/wp-json\/wp\/v2\/pages\/245\/revisions"}],"predecessor-version":[{"id":252,"href":"https:\/\/smsmobileapi.com\/fi\/wp-json\/wp\/v2\/pages\/245\/revisions\/252"}],"wp:attachment":[{"href":"https:\/\/smsmobileapi.com\/fi\/wp-json\/wp\/v2\/media?parent=245"}],"curies":[{"name":"wp","href":"https:\/\/api.w.org\/{rel}","templated":true}]}}