{"id":962,"date":"2025-07-21T12:27:02","date_gmt":"2025-07-21T12:27:02","guid":{"rendered":"https:\/\/smsmobileapi.com\/?page_id=962"},"modified":"2025-07-21T12:31:38","modified_gmt":"2025-07-21T12:31:38","slug":"forward-sms","status":"publish","type":"page","link":"https:\/\/smsmobileapi.com\/es\/reenviar-sms\/","title":{"rendered":"Reenviar SMS autom\u00e1ticamente a otro n\u00famero de tel\u00e9fono | API m\u00f3vil de SMS"},"content":{"rendered":"","protected":false},"excerpt":{"rendered":"","protected":false},"author":1,"featured_media":0,"parent":0,"menu_order":0,"comment_status":"closed","ping_status":"closed","template":"","meta":{"om_disable_all_campaigns":false,"_monsterinsights_skip_tracking":false,"_monsterinsights_sitenote_active":false,"_monsterinsights_sitenote_note":"","_monsterinsights_sitenote_category":0},"aioseo_notices":[],"_links":{"self":[{"href":"https:\/\/smsmobileapi.com\/es\/wp-json\/wp\/v2\/pages\/962"}],"collection":[{"href":"https:\/\/smsmobileapi.com\/es\/wp-json\/wp\/v2\/pages"}],"about":[{"href":"https:\/\/smsmobileapi.com\/es\/wp-json\/wp\/v2\/types\/page"}],"author":[{"embeddable":true,"href":"https:\/\/smsmobileapi.com\/es\/wp-json\/wp\/v2\/users\/1"}],"replies":[{"embeddable":true,"href":"https:\/\/smsmobileapi.com\/es\/wp-json\/wp\/v2\/comments?post=962"}],"version-history":[{"count":1,"href":"https:\/\/smsmobileapi.com\/es\/wp-json\/wp\/v2\/pages\/962\/revisions"}],"predecessor-version":[{"id":963,"href":"https:\/\/smsmobileapi.com\/es\/wp-json\/wp\/v2\/pages\/962\/revisions\/963"}],"wp:attachment":[{"href":"https:\/\/smsmobileapi.com\/es\/wp-json\/wp\/v2\/media?parent=962"}],"curies":[{"name":"wp","href":"https:\/\/api.w.org\/{rel}","templated":true}]}}