{"id":959,"date":"2025-07-21T12:16:11","date_gmt":"2025-07-21T12:16:11","guid":{"rendered":"https:\/\/smsmobileapi.com\/?page_id=959"},"modified":"2025-07-21T12:21:20","modified_gmt":"2025-07-21T12:21:20","slug":"sms-to-email","status":"publish","type":"page","link":"https:\/\/smsmobileapi.com\/es\/sms-a-correo-electronico\/","title":{"rendered":"Reenv\u00edo autom\u00e1tico de SMS recibidos al correo electr\u00f3nico | API m\u00f3vil de SMS"},"content":{"rendered":"","protected":false},"excerpt":{"rendered":"","protected":false},"author":1,"featured_media":0,"parent":0,"menu_order":0,"comment_status":"closed","ping_status":"closed","template":"","meta":{"om_disable_all_campaigns":false,"_monsterinsights_skip_tracking":false,"_monsterinsights_sitenote_active":false,"_monsterinsights_sitenote_note":"","_monsterinsights_sitenote_category":0},"aioseo_notices":[],"_links":{"self":[{"href":"https:\/\/smsmobileapi.com\/es\/wp-json\/wp\/v2\/pages\/959"}],"collection":[{"href":"https:\/\/smsmobileapi.com\/es\/wp-json\/wp\/v2\/pages"}],"about":[{"href":"https:\/\/smsmobileapi.com\/es\/wp-json\/wp\/v2\/types\/page"}],"author":[{"embeddable":true,"href":"https:\/\/smsmobileapi.com\/es\/wp-json\/wp\/v2\/users\/1"}],"replies":[{"embeddable":true,"href":"https:\/\/smsmobileapi.com\/es\/wp-json\/wp\/v2\/comments?post=959"}],"version-history":[{"count":1,"href":"https:\/\/smsmobileapi.com\/es\/wp-json\/wp\/v2\/pages\/959\/revisions"}],"predecessor-version":[{"id":960,"href":"https:\/\/smsmobileapi.com\/es\/wp-json\/wp\/v2\/pages\/959\/revisions\/960"}],"wp:attachment":[{"href":"https:\/\/smsmobileapi.com\/es\/wp-json\/wp\/v2\/media?parent=959"}],"curies":[{"name":"wp","href":"https:\/\/api.w.org\/{rel}","templated":true}]}}