{"id":1188,"date":"2026-02-17T14:26:19","date_gmt":"2026-02-17T14:26:19","guid":{"rendered":"https:\/\/smsmobileapi.com\/?page_id=1188"},"modified":"2026-02-17T15:44:05","modified_gmt":"2026-02-17T15:44:05","slug":"enriched-sms","status":"publish","type":"page","link":"https:\/\/smsmobileapi.com\/es\/sms-enriquecidos\/","title":{"rendered":"C\u00f3mo funcionan los SMS enriquecidos (Plantilla - Env\u00edo m\u00f3vil - P\u00e1gina de destino)"},"content":{"rendered":"","protected":false},"excerpt":{"rendered":"","protected":false},"author":1,"featured_media":0,"parent":0,"menu_order":0,"comment_status":"closed","ping_status":"closed","template":"","meta":{"om_disable_all_campaigns":false,"_monsterinsights_skip_tracking":false,"_monsterinsights_sitenote_active":false,"_monsterinsights_sitenote_note":"","_monsterinsights_sitenote_category":0},"aioseo_notices":[],"_links":{"self":[{"href":"https:\/\/smsmobileapi.com\/es\/wp-json\/wp\/v2\/pages\/1188"}],"collection":[{"href":"https:\/\/smsmobileapi.com\/es\/wp-json\/wp\/v2\/pages"}],"about":[{"href":"https:\/\/smsmobileapi.com\/es\/wp-json\/wp\/v2\/types\/page"}],"author":[{"embeddable":true,"href":"https:\/\/smsmobileapi.com\/es\/wp-json\/wp\/v2\/users\/1"}],"replies":[{"embeddable":true,"href":"https:\/\/smsmobileapi.com\/es\/wp-json\/wp\/v2\/comments?post=1188"}],"version-history":[{"count":2,"href":"https:\/\/smsmobileapi.com\/es\/wp-json\/wp\/v2\/pages\/1188\/revisions"}],"predecessor-version":[{"id":1190,"href":"https:\/\/smsmobileapi.com\/es\/wp-json\/wp\/v2\/pages\/1188\/revisions\/1190"}],"wp:attachment":[{"href":"https:\/\/smsmobileapi.com\/es\/wp-json\/wp\/v2\/media?parent=1188"}],"curies":[{"name":"wp","href":"https:\/\/api.w.org\/{rel}","templated":true}]}}